{"id":185,"date":"2025-10-31T02:01:49","date_gmt":"2025-10-31T02:01:49","guid":{"rendered":"https:\/\/xorti.cz\/?page_id=185"},"modified":"2025-10-31T16:50:38","modified_gmt":"2025-10-31T16:50:38","slug":"aki-z-kozimberku","status":"publish","type":"page","link":"https:\/\/xorti.cz\/?page_id=185","title":{"rendered":"Aki z Kozimberku"},"content":{"rendered":"\n<p>JUNIOR\u0160AMPION \u010cESK\u00c9 REPUBLIKY<br>BIG 3. m\u00edsto CAC Ostrava<br>BIS JUNIOR 4. m\u00edsto Krajsk\u00e9 v\u00fdstavy Doln\u00ed Bene\u0161ov<br>GRAND PRIX SLOVAKIA WINNER 2016<br>\u010dekatel: &nbsp;\u0160ampion Polska, \u0160ampion \u010cesk\u00e9 republiky, \u0160ampion Slovenska<\/p>\n\n\n\n<figure class=\"wp-block-image size-large\"><img loading=\"lazy\" decoding=\"async\" width=\"863\" height=\"1024\" src=\"https:\/\/xorti.cz\/wp-content\/uploads\/2025\/10\/image-105-863x1024.png\" alt=\"\" class=\"wp-image-435\" srcset=\"https:\/\/xorti.cz\/wp-content\/uploads\/2025\/10\/image-105-863x1024.png 863w, https:\/\/xorti.cz\/wp-content\/uploads\/2025\/10\/image-105-253x300.png 253w, https:\/\/xorti.cz\/wp-content\/uploads\/2025\/10\/image-105-768x912.png 768w, https:\/\/xorti.cz\/wp-content\/uploads\/2025\/10\/image-105-1294x1536.png 1294w, https:\/\/xorti.cz\/wp-content\/uploads\/2025\/10\/image-105.png 1725w\" sizes=\"auto, (max-width: 863px) 100vw, 863px\" \/><figcaption class=\"wp-element-caption\">Krajsk\u00e1 v\u00fdstava ps\u016f Doln\u00ed Bene\u0161ov 18.9.2022.<br>\u0160t\u00fdrsk\u00fd brak\u00fd\u0159 Aki z Kozimberku od <a href=\"https:\/\/www.facebook.com\/profile.php?id=100000506273968&amp;__cft__[0]=AZULZwFBqKl_MkOwXvlujofGfRfFrvt3hzuamdqWOlGv7uUq5XytD7P1D-SU9pvGBGv-TduG4dDEjbpjv099UpN6xwy-G5aM46hA8wGZo22GrBoDiepnxdUzslJLifpHvl0FYnd6VTfABuwFNoOBTO0XND5q_-q-4EWojYJQipzLZd30Q7k2E6cu_F_9VnPfGkoZikXc9d4gIWdeArx6DfvtLqf-XwaAUtHAMJ7aisBRkQ&amp;__tn__=-]K-R\">Honza \u0160t\u011bp\u00e1nek<\/a> : V1, V\u00edt\u011bz t\u0159\u00eddy veter\u00e1n\u016f, BIS veter\u00e1n <img loading=\"lazy\" decoding=\"async\" height=\"16\" width=\"16\" src=\"https:\/\/static.xx.fbcdn.net\/images\/emoji.php\/v9\/tbe\/1\/16\/1f3c6.png\" alt=\"\ud83c\udfc6\"><img loading=\"lazy\" decoding=\"async\" height=\"16\" width=\"16\" src=\"https:\/\/static.xx.fbcdn.net\/images\/emoji.php\/v9\/tbe\/1\/16\/1f3c6.png\" alt=\"\ud83c\udfc6\"><img loading=\"lazy\" decoding=\"async\" height=\"16\" width=\"16\" src=\"https:\/\/static.xx.fbcdn.net\/images\/emoji.php\/v9\/tbe\/1\/16\/1f3c6.png\" alt=\"\ud83c\udfc6\"><img loading=\"lazy\" decoding=\"async\" height=\"16\" width=\"16\" src=\"https:\/\/static.xx.fbcdn.net\/images\/emoji.php\/v9\/t94\/1\/16\/1f947.png\" alt=\"\ud83e\udd47\"><img loading=\"lazy\" decoding=\"async\" height=\"16\" width=\"16\" src=\"https:\/\/static.xx.fbcdn.net\/images\/emoji.php\/v9\/t94\/1\/16\/1f947.png\" alt=\"\ud83e\udd47\"><img loading=\"lazy\" decoding=\"async\" height=\"16\" width=\"16\" src=\"https:\/\/static.xx.fbcdn.net\/images\/emoji.php\/v9\/t94\/1\/16\/1f947.png\" alt=\"\ud83e\udd47\"><\/figcaption><\/figure>\n\n\n\n<figure class=\"wp-block-image size-large\"><img loading=\"lazy\" decoding=\"async\" width=\"1024\" height=\"469\" src=\"https:\/\/xorti.cz\/wp-content\/uploads\/2025\/10\/image-106-1024x469.png\" alt=\"\" class=\"wp-image-437\" srcset=\"https:\/\/xorti.cz\/wp-content\/uploads\/2025\/10\/image-106-1024x469.png 1024w, https:\/\/xorti.cz\/wp-content\/uploads\/2025\/10\/image-106-300x137.png 300w, https:\/\/xorti.cz\/wp-content\/uploads\/2025\/10\/image-106-768x351.png 768w, https:\/\/xorti.cz\/wp-content\/uploads\/2025\/10\/image-106-1536x703.png 1536w, https:\/\/xorti.cz\/wp-content\/uploads\/2025\/10\/image-106-2048x937.png 2048w\" sizes=\"auto, (max-width: 1024px) 100vw, 1024px\" \/><\/figure>\n\n\n<div class=\"wp-block-image\">\n<figure data-wp-context=\"{&quot;imageId&quot;:&quot;69d370ea4c5f7&quot;}\" data-wp-interactive=\"core\/image\" class=\"aligncenter size-large wp-lightbox-container\"><img loading=\"lazy\" decoding=\"async\" width=\"680\" height=\"1024\" data-wp-class--hide=\"state.isContentHidden\" data-wp-class--show=\"state.isContentVisible\" data-wp-init=\"callbacks.setButtonStyles\" data-wp-on-async--click=\"actions.showLightbox\" data-wp-on-async--load=\"callbacks.setButtonStyles\" data-wp-on-async-window--resize=\"callbacks.setButtonStyles\" src=\"https:\/\/xorti.cz\/wp-content\/uploads\/2025\/10\/image-21-680x1024.png\" alt=\"\" class=\"wp-image-186\" srcset=\"https:\/\/xorti.cz\/wp-content\/uploads\/2025\/10\/image-21-680x1024.png 680w, https:\/\/xorti.cz\/wp-content\/uploads\/2025\/10\/image-21-199x300.png 199w, https:\/\/xorti.cz\/wp-content\/uploads\/2025\/10\/image-21-768x1157.png 768w, https:\/\/xorti.cz\/wp-content\/uploads\/2025\/10\/image-21.png 850w\" sizes=\"auto, (max-width: 680px) 100vw, 680px\" \/><button\n\t\t\tclass=\"lightbox-trigger\"\n\t\t\ttype=\"button\"\n\t\t\taria-haspopup=\"dialog\"\n\t\t\taria-label=\"Enlarge\"\n\t\t\tdata-wp-init=\"callbacks.initTriggerButton\"\n\t\t\tdata-wp-on-async--click=\"actions.showLightbox\"\n\t\t\tdata-wp-style--right=\"state.imageButtonRight\"\n\t\t\tdata-wp-style--top=\"state.imageButtonTop\"\n\t\t>\n\t\t\t<svg xmlns=\"http:\/\/www.w3.org\/2000\/svg\" width=\"12\" height=\"12\" fill=\"none\" viewBox=\"0 0 12 12\">\n\t\t\t\t<path fill=\"#fff\" d=\"M2 0a2 2 0 0 0-2 2v2h1.5V2a.5.5 0 0 1 .5-.5h2V0H2Zm2 10.5H2a.5.5 0 0 1-.5-.5V8H0v2a2 2 0 0 0 2 2h2v-1.5ZM8 12v-1.5h2a.5.5 0 0 0 .5-.5V8H12v2a2 2 0 0 1-2 2H8Zm2-12a2 2 0 0 1 2 2v2h-1.5V2a.5.5 0 0 0-.5-.5H8V0h2Z\" \/>\n\t\t\t<\/svg>\n\t\t<\/button><\/figure><\/div>\n\n\n<p><strong>narozen:&nbsp;<\/strong>6.5. 2014<br><strong>matka:&nbsp;<\/strong>Alma od Pahrbka<br><strong>otec:&nbsp;<\/strong>Aron spod Zbojnickej skaly<br><strong>chovatel:&nbsp;<\/strong>Jan \u0160t\u011bp\u00e1nek (\u010cesk\u00e1 republika)<br><strong>registrace v \u010cR:<\/strong>&nbsp;\u010cLP\/BS\/620<br><strong>chrup:<\/strong>&nbsp;\u00fapln\u00fd&nbsp;&nbsp;&nbsp;&nbsp;&nbsp;<strong>skus:&nbsp;<\/strong>n\u016f\u017ekov\u00fd<\/p>\n\n\n\n<p class=\"has-text-align-center\">2021<\/p>\n\n\n<div class=\"wp-block-image\">\n<figure class=\"aligncenter size-full\"><img loading=\"lazy\" decoding=\"async\" width=\"504\" height=\"280\" src=\"https:\/\/xorti.cz\/wp-content\/uploads\/2025\/10\/9DB5567E-BE5E-4CE1-9F45-80180A0149A8.png\" alt=\"\" class=\"wp-image-192\" srcset=\"https:\/\/xorti.cz\/wp-content\/uploads\/2025\/10\/9DB5567E-BE5E-4CE1-9F45-80180A0149A8.png 504w, https:\/\/xorti.cz\/wp-content\/uploads\/2025\/10\/9DB5567E-BE5E-4CE1-9F45-80180A0149A8-300x167.png 300w\" sizes=\"auto, (max-width: 504px) 100vw, 504px\" \/><\/figure><\/div>\n\n\n<p class=\"has-text-align-center\">2016<\/p>\n\n\n<div class=\"wp-block-image\">\n<figure class=\"aligncenter size-full\"><img loading=\"lazy\" decoding=\"async\" width=\"504\" height=\"263\" src=\"https:\/\/xorti.cz\/wp-content\/uploads\/2025\/10\/8C649342-436B-427F-AD1E-A36BE2035803.png\" alt=\"\" class=\"wp-image-194\" srcset=\"https:\/\/xorti.cz\/wp-content\/uploads\/2025\/10\/8C649342-436B-427F-AD1E-A36BE2035803.png 504w, https:\/\/xorti.cz\/wp-content\/uploads\/2025\/10\/8C649342-436B-427F-AD1E-A36BE2035803-300x157.png 300w\" sizes=\"auto, (max-width: 504px) 100vw, 504px\" \/><\/figure><\/div>\n\n\n<p class=\"has-text-align-center\">2015<\/p>\n\n\n<div class=\"wp-block-image\">\n<figure class=\"aligncenter size-full\"><img loading=\"lazy\" decoding=\"async\" width=\"503\" height=\"197\" src=\"https:\/\/xorti.cz\/wp-content\/uploads\/2025\/10\/487E1BBA-C1CE-4B77-8877-C85EBAAFC06F.png\" alt=\"\" class=\"wp-image-195\" srcset=\"https:\/\/xorti.cz\/wp-content\/uploads\/2025\/10\/487E1BBA-C1CE-4B77-8877-C85EBAAFC06F.png 503w, https:\/\/xorti.cz\/wp-content\/uploads\/2025\/10\/487E1BBA-C1CE-4B77-8877-C85EBAAFC06F-300x117.png 300w\" sizes=\"auto, (max-width: 503px) 100vw, 503px\" \/><\/figure><\/div>\n\n\n<p class=\"has-text-align-center\">2014<\/p>\n\n\n<div class=\"wp-block-image\">\n<figure class=\"aligncenter size-full\"><img loading=\"lazy\" decoding=\"async\" width=\"503\" height=\"114\" src=\"https:\/\/xorti.cz\/wp-content\/uploads\/2025\/10\/3EBA09A5-ECCC-45B9-8B38-E61A000A3D9A.png\" alt=\"\" class=\"wp-image-196\" srcset=\"https:\/\/xorti.cz\/wp-content\/uploads\/2025\/10\/3EBA09A5-ECCC-45B9-8B38-E61A000A3D9A.png 503w, https:\/\/xorti.cz\/wp-content\/uploads\/2025\/10\/3EBA09A5-ECCC-45B9-8B38-E61A000A3D9A-300x68.png 300w\" sizes=\"auto, (max-width: 503px) 100vw, 503px\" \/><\/figure><\/div>\n\n\n<hr class=\"wp-block-separator has-alpha-channel-opacity is-style-wide\"\/>\n\n\n\n<figure class=\"wp-block-gallery has-nested-images columns-default is-cropped wp-block-gallery-1 is-layout-flex wp-block-gallery-is-layout-flex\">\n<figure data-wp-context=\"{&quot;imageId&quot;:&quot;69d370ea4d2c0&quot;}\" data-wp-interactive=\"core\/image\" class=\"wp-block-image size-large wp-lightbox-container\"><img loading=\"lazy\" decoding=\"async\" width=\"1024\" height=\"678\" data-wp-class--hide=\"state.isContentHidden\" data-wp-class--show=\"state.isContentVisible\" data-wp-init=\"callbacks.setButtonStyles\" data-wp-on-async--click=\"actions.showLightbox\" data-wp-on-async--load=\"callbacks.setButtonStyles\" data-wp-on-async-window--resize=\"callbacks.setButtonStyles\" data-id=\"280\" src=\"https:\/\/xorti.cz\/wp-content\/uploads\/2025\/10\/image-63-1024x678.png\" alt=\"\" class=\"wp-image-280\" srcset=\"https:\/\/xorti.cz\/wp-content\/uploads\/2025\/10\/image-63-1024x678.png 1024w, https:\/\/xorti.cz\/wp-content\/uploads\/2025\/10\/image-63-300x199.png 300w, https:\/\/xorti.cz\/wp-content\/uploads\/2025\/10\/image-63-768x509.png 768w, https:\/\/xorti.cz\/wp-content\/uploads\/2025\/10\/image-63.png 1280w\" sizes=\"auto, (max-width: 1024px) 100vw, 1024px\" \/><button\n\t\t\tclass=\"lightbox-trigger\"\n\t\t\ttype=\"button\"\n\t\t\taria-haspopup=\"dialog\"\n\t\t\taria-label=\"Enlarge\"\n\t\t\tdata-wp-init=\"callbacks.initTriggerButton\"\n\t\t\tdata-wp-on-async--click=\"actions.showLightbox\"\n\t\t\tdata-wp-style--right=\"state.imageButtonRight\"\n\t\t\tdata-wp-style--top=\"state.imageButtonTop\"\n\t\t>\n\t\t\t<svg xmlns=\"http:\/\/www.w3.org\/2000\/svg\" width=\"12\" height=\"12\" fill=\"none\" viewBox=\"0 0 12 12\">\n\t\t\t\t<path fill=\"#fff\" d=\"M2 0a2 2 0 0 0-2 2v2h1.5V2a.5.5 0 0 1 .5-.5h2V0H2Zm2 10.5H2a.5.5 0 0 1-.5-.5V8H0v2a2 2 0 0 0 2 2h2v-1.5ZM8 12v-1.5h2a.5.5 0 0 0 .5-.5V8H12v2a2 2 0 0 1-2 2H8Zm2-12a2 2 0 0 1 2 2v2h-1.5V2a.5.5 0 0 0-.5-.5H8V0h2Z\" \/>\n\t\t\t<\/svg>\n\t\t<\/button><\/figure>\n\n\n\n<figure data-wp-context=\"{&quot;imageId&quot;:&quot;69d370ea4daf1&quot;}\" data-wp-interactive=\"core\/image\" class=\"wp-block-image size-large wp-lightbox-container\"><img loading=\"lazy\" decoding=\"async\" width=\"678\" height=\"1024\" data-wp-class--hide=\"state.isContentHidden\" data-wp-class--show=\"state.isContentVisible\" data-wp-init=\"callbacks.setButtonStyles\" data-wp-on-async--click=\"actions.showLightbox\" data-wp-on-async--load=\"callbacks.setButtonStyles\" data-wp-on-async-window--resize=\"callbacks.setButtonStyles\" data-id=\"279\" src=\"https:\/\/xorti.cz\/wp-content\/uploads\/2025\/10\/image-62-678x1024.png\" alt=\"\" class=\"wp-image-279\" srcset=\"https:\/\/xorti.cz\/wp-content\/uploads\/2025\/10\/image-62-678x1024.png 678w, https:\/\/xorti.cz\/wp-content\/uploads\/2025\/10\/image-62-199x300.png 199w, https:\/\/xorti.cz\/wp-content\/uploads\/2025\/10\/image-62-768x1159.png 768w, https:\/\/xorti.cz\/wp-content\/uploads\/2025\/10\/image-62.png 848w\" sizes=\"auto, (max-width: 678px) 100vw, 678px\" \/><button\n\t\t\tclass=\"lightbox-trigger\"\n\t\t\ttype=\"button\"\n\t\t\taria-haspopup=\"dialog\"\n\t\t\taria-label=\"Enlarge\"\n\t\t\tdata-wp-init=\"callbacks.initTriggerButton\"\n\t\t\tdata-wp-on-async--click=\"actions.showLightbox\"\n\t\t\tdata-wp-style--right=\"state.imageButtonRight\"\n\t\t\tdata-wp-style--top=\"state.imageButtonTop\"\n\t\t>\n\t\t\t<svg xmlns=\"http:\/\/www.w3.org\/2000\/svg\" width=\"12\" height=\"12\" fill=\"none\" viewBox=\"0 0 12 12\">\n\t\t\t\t<path fill=\"#fff\" d=\"M2 0a2 2 0 0 0-2 2v2h1.5V2a.5.5 0 0 1 .5-.5h2V0H2Zm2 10.5H2a.5.5 0 0 1-.5-.5V8H0v2a2 2 0 0 0 2 2h2v-1.5ZM8 12v-1.5h2a.5.5 0 0 0 .5-.5V8H12v2a2 2 0 0 1-2 2H8Zm2-12a2 2 0 0 1 2 2v2h-1.5V2a.5.5 0 0 0-.5-.5H8V0h2Z\" \/>\n\t\t\t<\/svg>\n\t\t<\/button><\/figure>\n\n\n\n<figure data-wp-context=\"{&quot;imageId&quot;:&quot;69d370ea4dee8&quot;}\" data-wp-interactive=\"core\/image\" class=\"wp-block-image size-large wp-lightbox-container\"><img loading=\"lazy\" decoding=\"async\" width=\"678\" height=\"1024\" data-wp-class--hide=\"state.isContentHidden\" data-wp-class--show=\"state.isContentVisible\" data-wp-init=\"callbacks.setButtonStyles\" data-wp-on-async--click=\"actions.showLightbox\" data-wp-on-async--load=\"callbacks.setButtonStyles\" data-wp-on-async-window--resize=\"callbacks.setButtonStyles\" data-id=\"278\" src=\"https:\/\/xorti.cz\/wp-content\/uploads\/2025\/10\/image-61-678x1024.png\" alt=\"\" class=\"wp-image-278\" srcset=\"https:\/\/xorti.cz\/wp-content\/uploads\/2025\/10\/image-61-678x1024.png 678w, https:\/\/xorti.cz\/wp-content\/uploads\/2025\/10\/image-61-199x300.png 199w, https:\/\/xorti.cz\/wp-content\/uploads\/2025\/10\/image-61-768x1159.png 768w, https:\/\/xorti.cz\/wp-content\/uploads\/2025\/10\/image-61.png 848w\" sizes=\"auto, (max-width: 678px) 100vw, 678px\" \/><button\n\t\t\tclass=\"lightbox-trigger\"\n\t\t\ttype=\"button\"\n\t\t\taria-haspopup=\"dialog\"\n\t\t\taria-label=\"Enlarge\"\n\t\t\tdata-wp-init=\"callbacks.initTriggerButton\"\n\t\t\tdata-wp-on-async--click=\"actions.showLightbox\"\n\t\t\tdata-wp-style--right=\"state.imageButtonRight\"\n\t\t\tdata-wp-style--top=\"state.imageButtonTop\"\n\t\t>\n\t\t\t<svg xmlns=\"http:\/\/www.w3.org\/2000\/svg\" width=\"12\" height=\"12\" fill=\"none\" viewBox=\"0 0 12 12\">\n\t\t\t\t<path fill=\"#fff\" d=\"M2 0a2 2 0 0 0-2 2v2h1.5V2a.5.5 0 0 1 .5-.5h2V0H2Zm2 10.5H2a.5.5 0 0 1-.5-.5V8H0v2a2 2 0 0 0 2 2h2v-1.5ZM8 12v-1.5h2a.5.5 0 0 0 .5-.5V8H12v2a2 2 0 0 1-2 2H8Zm2-12a2 2 0 0 1 2 2v2h-1.5V2a.5.5 0 0 0-.5-.5H8V0h2Z\" \/>\n\t\t\t<\/svg>\n\t\t<\/button><\/figure>\n\n\n\n<figure data-wp-context=\"{&quot;imageId&quot;:&quot;69d370ea4e33b&quot;}\" data-wp-interactive=\"core\/image\" class=\"wp-block-image size-large wp-lightbox-container\"><img loading=\"lazy\" decoding=\"async\" width=\"680\" height=\"1024\" data-wp-class--hide=\"state.isContentHidden\" data-wp-class--show=\"state.isContentVisible\" data-wp-init=\"callbacks.setButtonStyles\" data-wp-on-async--click=\"actions.showLightbox\" data-wp-on-async--load=\"callbacks.setButtonStyles\" data-wp-on-async-window--resize=\"callbacks.setButtonStyles\" data-id=\"275\" src=\"https:\/\/xorti.cz\/wp-content\/uploads\/2025\/10\/image-59-680x1024.png\" alt=\"\" class=\"wp-image-275\" srcset=\"https:\/\/xorti.cz\/wp-content\/uploads\/2025\/10\/image-59-680x1024.png 680w, https:\/\/xorti.cz\/wp-content\/uploads\/2025\/10\/image-59-199x300.png 199w, https:\/\/xorti.cz\/wp-content\/uploads\/2025\/10\/image-59-768x1157.png 768w, https:\/\/xorti.cz\/wp-content\/uploads\/2025\/10\/image-59.png 850w\" sizes=\"auto, (max-width: 680px) 100vw, 680px\" \/><button\n\t\t\tclass=\"lightbox-trigger\"\n\t\t\ttype=\"button\"\n\t\t\taria-haspopup=\"dialog\"\n\t\t\taria-label=\"Enlarge\"\n\t\t\tdata-wp-init=\"callbacks.initTriggerButton\"\n\t\t\tdata-wp-on-async--click=\"actions.showLightbox\"\n\t\t\tdata-wp-style--right=\"state.imageButtonRight\"\n\t\t\tdata-wp-style--top=\"state.imageButtonTop\"\n\t\t>\n\t\t\t<svg xmlns=\"http:\/\/www.w3.org\/2000\/svg\" width=\"12\" height=\"12\" fill=\"none\" viewBox=\"0 0 12 12\">\n\t\t\t\t<path fill=\"#fff\" d=\"M2 0a2 2 0 0 0-2 2v2h1.5V2a.5.5 0 0 1 .5-.5h2V0H2Zm2 10.5H2a.5.5 0 0 1-.5-.5V8H0v2a2 2 0 0 0 2 2h2v-1.5ZM8 12v-1.5h2a.5.5 0 0 0 .5-.5V8H12v2a2 2 0 0 1-2 2H8Zm2-12a2 2 0 0 1 2 2v2h-1.5V2a.5.5 0 0 0-.5-.5H8V0h2Z\" \/>\n\t\t\t<\/svg>\n\t\t<\/button><\/figure>\n\n\n\n<figure data-wp-context=\"{&quot;imageId&quot;:&quot;69d370ea4e72b&quot;}\" data-wp-interactive=\"core\/image\" class=\"wp-block-image size-large wp-lightbox-container\"><img loading=\"lazy\" decoding=\"async\" width=\"720\" height=\"960\" data-wp-class--hide=\"state.isContentHidden\" data-wp-class--show=\"state.isContentVisible\" data-wp-init=\"callbacks.setButtonStyles\" data-wp-on-async--click=\"actions.showLightbox\" data-wp-on-async--load=\"callbacks.setButtonStyles\" data-wp-on-async-window--resize=\"callbacks.setButtonStyles\" data-id=\"274\" src=\"https:\/\/xorti.cz\/wp-content\/uploads\/2025\/10\/image-58.png\" alt=\"\" class=\"wp-image-274\" srcset=\"https:\/\/xorti.cz\/wp-content\/uploads\/2025\/10\/image-58.png 720w, https:\/\/xorti.cz\/wp-content\/uploads\/2025\/10\/image-58-225x300.png 225w\" sizes=\"auto, (max-width: 720px) 100vw, 720px\" \/><button\n\t\t\tclass=\"lightbox-trigger\"\n\t\t\ttype=\"button\"\n\t\t\taria-haspopup=\"dialog\"\n\t\t\taria-label=\"Enlarge\"\n\t\t\tdata-wp-init=\"callbacks.initTriggerButton\"\n\t\t\tdata-wp-on-async--click=\"actions.showLightbox\"\n\t\t\tdata-wp-style--right=\"state.imageButtonRight\"\n\t\t\tdata-wp-style--top=\"state.imageButtonTop\"\n\t\t>\n\t\t\t<svg xmlns=\"http:\/\/www.w3.org\/2000\/svg\" width=\"12\" height=\"12\" fill=\"none\" viewBox=\"0 0 12 12\">\n\t\t\t\t<path fill=\"#fff\" d=\"M2 0a2 2 0 0 0-2 2v2h1.5V2a.5.5 0 0 1 .5-.5h2V0H2Zm2 10.5H2a.5.5 0 0 1-.5-.5V8H0v2a2 2 0 0 0 2 2h2v-1.5ZM8 12v-1.5h2a.5.5 0 0 0 .5-.5V8H12v2a2 2 0 0 1-2 2H8Zm2-12a2 2 0 0 1 2 2v2h-1.5V2a.5.5 0 0 0-.5-.5H8V0h2Z\" \/>\n\t\t\t<\/svg>\n\t\t<\/button><\/figure>\n\n\n\n<figure data-wp-context=\"{&quot;imageId&quot;:&quot;69d370ea4ebb1&quot;}\" data-wp-interactive=\"core\/image\" class=\"wp-block-image size-large wp-lightbox-container\"><img loading=\"lazy\" decoding=\"async\" width=\"556\" height=\"417\" data-wp-class--hide=\"state.isContentHidden\" data-wp-class--show=\"state.isContentVisible\" data-wp-init=\"callbacks.setButtonStyles\" data-wp-on-async--click=\"actions.showLightbox\" data-wp-on-async--load=\"callbacks.setButtonStyles\" data-wp-on-async-window--resize=\"callbacks.setButtonStyles\" data-id=\"273\" src=\"https:\/\/xorti.cz\/wp-content\/uploads\/2025\/10\/image-57.png\" alt=\"\" class=\"wp-image-273\" srcset=\"https:\/\/xorti.cz\/wp-content\/uploads\/2025\/10\/image-57.png 556w, https:\/\/xorti.cz\/wp-content\/uploads\/2025\/10\/image-57-300x225.png 300w\" sizes=\"auto, (max-width: 556px) 100vw, 556px\" \/><button\n\t\t\tclass=\"lightbox-trigger\"\n\t\t\ttype=\"button\"\n\t\t\taria-haspopup=\"dialog\"\n\t\t\taria-label=\"Enlarge\"\n\t\t\tdata-wp-init=\"callbacks.initTriggerButton\"\n\t\t\tdata-wp-on-async--click=\"actions.showLightbox\"\n\t\t\tdata-wp-style--right=\"state.imageButtonRight\"\n\t\t\tdata-wp-style--top=\"state.imageButtonTop\"\n\t\t>\n\t\t\t<svg xmlns=\"http:\/\/www.w3.org\/2000\/svg\" width=\"12\" height=\"12\" fill=\"none\" viewBox=\"0 0 12 12\">\n\t\t\t\t<path fill=\"#fff\" d=\"M2 0a2 2 0 0 0-2 2v2h1.5V2a.5.5 0 0 1 .5-.5h2V0H2Zm2 10.5H2a.5.5 0 0 1-.5-.5V8H0v2a2 2 0 0 0 2 2h2v-1.5ZM8 12v-1.5h2a.5.5 0 0 0 .5-.5V8H12v2a2 2 0 0 1-2 2H8Zm2-12a2 2 0 0 1 2 2v2h-1.5V2a.5.5 0 0 0-.5-.5H8V0h2Z\" \/>\n\t\t\t<\/svg>\n\t\t<\/button><\/figure>\n\n\n\n<figure data-wp-context=\"{&quot;imageId&quot;:&quot;69d370ea4f0b3&quot;}\" data-wp-interactive=\"core\/image\" class=\"wp-block-image size-large wp-lightbox-container\"><img loading=\"lazy\" decoding=\"async\" width=\"1024\" height=\"640\" data-wp-class--hide=\"state.isContentHidden\" data-wp-class--show=\"state.isContentVisible\" data-wp-init=\"callbacks.setButtonStyles\" data-wp-on-async--click=\"actions.showLightbox\" data-wp-on-async--load=\"callbacks.setButtonStyles\" data-wp-on-async-window--resize=\"callbacks.setButtonStyles\" data-id=\"277\" src=\"https:\/\/xorti.cz\/wp-content\/uploads\/2025\/10\/image-60-1024x640.png\" alt=\"\" class=\"wp-image-277\" srcset=\"https:\/\/xorti.cz\/wp-content\/uploads\/2025\/10\/image-60-1024x640.png 1024w, https:\/\/xorti.cz\/wp-content\/uploads\/2025\/10\/image-60-300x188.png 300w, https:\/\/xorti.cz\/wp-content\/uploads\/2025\/10\/image-60-768x480.png 768w, https:\/\/xorti.cz\/wp-content\/uploads\/2025\/10\/image-60-480x300.png 480w, https:\/\/xorti.cz\/wp-content\/uploads\/2025\/10\/image-60-640x400.png 640w, https:\/\/xorti.cz\/wp-content\/uploads\/2025\/10\/image-60.png 1280w\" sizes=\"auto, (max-width: 1024px) 100vw, 1024px\" \/><button\n\t\t\tclass=\"lightbox-trigger\"\n\t\t\ttype=\"button\"\n\t\t\taria-haspopup=\"dialog\"\n\t\t\taria-label=\"Enlarge\"\n\t\t\tdata-wp-init=\"callbacks.initTriggerButton\"\n\t\t\tdata-wp-on-async--click=\"actions.showLightbox\"\n\t\t\tdata-wp-style--right=\"state.imageButtonRight\"\n\t\t\tdata-wp-style--top=\"state.imageButtonTop\"\n\t\t>\n\t\t\t<svg xmlns=\"http:\/\/www.w3.org\/2000\/svg\" width=\"12\" height=\"12\" fill=\"none\" viewBox=\"0 0 12 12\">\n\t\t\t\t<path fill=\"#fff\" d=\"M2 0a2 2 0 0 0-2 2v2h1.5V2a.5.5 0 0 1 .5-.5h2V0H2Zm2 10.5H2a.5.5 0 0 1-.5-.5V8H0v2a2 2 0 0 0 2 2h2v-1.5ZM8 12v-1.5h2a.5.5 0 0 0 .5-.5V8H12v2a2 2 0 0 1-2 2H8Zm2-12a2 2 0 0 1 2 2v2h-1.5V2a.5.5 0 0 0-.5-.5H8V0h2Z\" \/>\n\t\t\t<\/svg>\n\t\t<\/button><\/figure>\n<\/figure>\n\n\n\n<div style=\"height:10px\" aria-hidden=\"true\" class=\"wp-block-spacer\"><\/div>\n\n\n\n<hr class=\"wp-block-separator has-alpha-channel-opacity is-style-wide\"\/>\n\n\n\n<figure data-wp-context=\"{&quot;imageId&quot;:&quot;69d370ea4f87a&quot;}\" data-wp-interactive=\"core\/image\" class=\"wp-block-image size-full wp-lightbox-container\"><img loading=\"lazy\" decoding=\"async\" width=\"1280\" height=\"912\" data-wp-class--hide=\"state.isContentHidden\" data-wp-class--show=\"state.isContentVisible\" data-wp-init=\"callbacks.setButtonStyles\" data-wp-on-async--click=\"actions.showLightbox\" data-wp-on-async--load=\"callbacks.setButtonStyles\" data-wp-on-async-window--resize=\"callbacks.setButtonStyles\" src=\"https:\/\/xorti.cz\/wp-content\/uploads\/2025\/10\/image-25.png\" alt=\"\" class=\"wp-image-200\" srcset=\"https:\/\/xorti.cz\/wp-content\/uploads\/2025\/10\/image-25.png 1280w, https:\/\/xorti.cz\/wp-content\/uploads\/2025\/10\/image-25-300x214.png 300w\" sizes=\"auto, (max-width: 1280px) 100vw, 1280px\" \/><button\n\t\t\tclass=\"lightbox-trigger\"\n\t\t\ttype=\"button\"\n\t\t\taria-haspopup=\"dialog\"\n\t\t\taria-label=\"Enlarge\"\n\t\t\tdata-wp-init=\"callbacks.initTriggerButton\"\n\t\t\tdata-wp-on-async--click=\"actions.showLightbox\"\n\t\t\tdata-wp-style--right=\"state.imageButtonRight\"\n\t\t\tdata-wp-style--top=\"state.imageButtonTop\"\n\t\t>\n\t\t\t<svg xmlns=\"http:\/\/www.w3.org\/2000\/svg\" width=\"12\" height=\"12\" fill=\"none\" viewBox=\"0 0 12 12\">\n\t\t\t\t<path fill=\"#fff\" d=\"M2 0a2 2 0 0 0-2 2v2h1.5V2a.5.5 0 0 1 .5-.5h2V0H2Zm2 10.5H2a.5.5 0 0 1-.5-.5V8H0v2a2 2 0 0 0 2 2h2v-1.5ZM8 12v-1.5h2a.5.5 0 0 0 .5-.5V8H12v2a2 2 0 0 1-2 2H8Zm2-12a2 2 0 0 1 2 2v2h-1.5V2a.5.5 0 0 0-.5-.5H8V0h2Z\" \/>\n\t\t\t<\/svg>\n\t\t<\/button><\/figure>\n\n\n<div class=\"wp-block-image\">\n<figure data-wp-context=\"{&quot;imageId&quot;:&quot;69d370ea4fbc2&quot;}\" data-wp-interactive=\"core\/image\" class=\"aligncenter size-large is-resized wp-lightbox-container\"><img loading=\"lazy\" decoding=\"async\" width=\"730\" height=\"1024\" data-wp-class--hide=\"state.isContentHidden\" data-wp-class--show=\"state.isContentVisible\" data-wp-init=\"callbacks.setButtonStyles\" data-wp-on-async--click=\"actions.showLightbox\" data-wp-on-async--load=\"callbacks.setButtonStyles\" data-wp-on-async-window--resize=\"callbacks.setButtonStyles\" src=\"https:\/\/xorti.cz\/wp-content\/uploads\/2025\/10\/image-26-730x1024.png\" alt=\"\" class=\"wp-image-201\" style=\"width:306px;height:auto\" srcset=\"https:\/\/xorti.cz\/wp-content\/uploads\/2025\/10\/image-26-730x1024.png 730w, https:\/\/xorti.cz\/wp-content\/uploads\/2025\/10\/image-26-214x300.png 214w, https:\/\/xorti.cz\/wp-content\/uploads\/2025\/10\/image-26-768x1077.png 768w, https:\/\/xorti.cz\/wp-content\/uploads\/2025\/10\/image-26.png 913w\" sizes=\"auto, (max-width: 730px) 100vw, 730px\" \/><button\n\t\t\tclass=\"lightbox-trigger\"\n\t\t\ttype=\"button\"\n\t\t\taria-haspopup=\"dialog\"\n\t\t\taria-label=\"Enlarge\"\n\t\t\tdata-wp-init=\"callbacks.initTriggerButton\"\n\t\t\tdata-wp-on-async--click=\"actions.showLightbox\"\n\t\t\tdata-wp-style--right=\"state.imageButtonRight\"\n\t\t\tdata-wp-style--top=\"state.imageButtonTop\"\n\t\t>\n\t\t\t<svg xmlns=\"http:\/\/www.w3.org\/2000\/svg\" width=\"12\" height=\"12\" fill=\"none\" viewBox=\"0 0 12 12\">\n\t\t\t\t<path fill=\"#fff\" d=\"M2 0a2 2 0 0 0-2 2v2h1.5V2a.5.5 0 0 1 .5-.5h2V0H2Zm2 10.5H2a.5.5 0 0 1-.5-.5V8H0v2a2 2 0 0 0 2 2h2v-1.5ZM8 12v-1.5h2a.5.5 0 0 0 .5-.5V8H12v2a2 2 0 0 1-2 2H8Zm2-12a2 2 0 0 1 2 2v2h-1.5V2a.5.5 0 0 0-.5-.5H8V0h2Z\" \/>\n\t\t\t<\/svg>\n\t\t<\/button><\/figure><\/div>","protected":false},"excerpt":{"rendered":"<p>JUNIOR\u0160AMPION \u010cESK\u00c9 REPUBLIKYBIG 3. m\u00edsto CAC OstravaBIS JUNIOR 4. m\u00edsto Krajsk\u00e9 v\u00fdstavy Doln\u00ed Bene\u0161ovGRAND PRIX SLOVAKIA WINNER 2016\u010dekatel: &nbsp;\u0160ampion Polska, \u0160ampion \u010cesk\u00e9 republiky, \u0160ampion Slovenska narozen:&nbsp;6.5. 2014matka:&nbsp;Alma od Pahrbkaotec:&nbsp;Aron spod &#8230;<\/p>\n","protected":false},"author":1,"featured_media":0,"parent":0,"menu_order":0,"comment_status":"closed","ping_status":"closed","template":"","meta":{"footnotes":""},"class_list":["post-185","page","type-page","status-publish","hentry"],"_links":{"self":[{"href":"https:\/\/xorti.cz\/index.php?rest_route=\/wp\/v2\/pages\/185","targetHints":{"allow":["GET"]}}],"collection":[{"href":"https:\/\/xorti.cz\/index.php?rest_route=\/wp\/v2\/pages"}],"about":[{"href":"https:\/\/xorti.cz\/index.php?rest_route=\/wp\/v2\/types\/page"}],"author":[{"embeddable":true,"href":"https:\/\/xorti.cz\/index.php?rest_route=\/wp\/v2\/users\/1"}],"replies":[{"embeddable":true,"href":"https:\/\/xorti.cz\/index.php?rest_route=%2Fwp%2Fv2%2Fcomments&post=185"}],"version-history":[{"count":5,"href":"https:\/\/xorti.cz\/index.php?rest_route=\/wp\/v2\/pages\/185\/revisions"}],"predecessor-version":[{"id":438,"href":"https:\/\/xorti.cz\/index.php?rest_route=\/wp\/v2\/pages\/185\/revisions\/438"}],"wp:attachment":[{"href":"https:\/\/xorti.cz\/index.php?rest_route=%2Fwp%2Fv2%2Fmedia&parent=185"}],"curies":[{"name":"wp","href":"https:\/\/api.w.org\/{rel}","templated":true}]}}