{"id":27,"date":"2025-10-30T23:32:09","date_gmt":"2025-10-30T23:32:09","guid":{"rendered":"https:\/\/xorti.cz\/?page_id=27"},"modified":"2025-11-01T00:47:40","modified_gmt":"2025-11-01T00:47:40","slug":"novinky-2016","status":"publish","type":"page","link":"https:\/\/xorti.cz\/?page_id=27","title":{"rendered":"Novinky 2016"},"content":{"rendered":"\n<p><strong>11. 11. 2016 Sbohem Elinko&nbsp;<\/strong><br><strong>+ Brie ze Slezsk\u00fdch les\u016f<\/strong><br><strong>11.11.2016 byl posledn\u00ed den, kdy tady na tomto sv\u011bt\u011b s n\u00e1mi byla na\u0161e milovan\u00e1 Elinka (Brie ze Slezsk\u00fdch les\u016f)<\/strong>.&nbsp; M\u016fj prvn\u00ed pes, kter\u00fd m\u011b p\u0159ivedl k mysliveck\u00e9 kynologii, k agility a hlavn\u011b k l\u00e1sce k v\u00fdmarsk\u00fdm oha\u0159\u016fm a loveck\u00fdm ps\u016fm v\u016fbec.<br>Te\u010f ji\u017e je v ps\u00edm nebi spole\u010dn\u011b s na\u0161\u00ed Bety a v\u00ed, \u017ee na ni nikdy nep\u0159estaneme myslet&#8230;.Elinko v\u017edy bude\u0161 moje prvn\u00ed a moje nej&#8230;<\/p>\n\n\n\n<p><strong>4. 9. 2016 Krajsk\u00e1 v\u00fdstava Doln\u00ed Bene\u0161ov<\/strong><br>Po letn\u00ed pauze jsme vyrazili na na\u0161i obl\u00edbenou krajskou v\u00fdstavu v Doln\u00ed Bene\u0161ov\u011b a na\u0161i psi odvedli skv\u011blou pr\u00e1ci.&nbsp;<\/p>\n\n\n\n<p>NDO&nbsp;<strong>Asta z B\u00edl\u00e9 vody&nbsp;&#8211;<\/strong>&nbsp;VN1, BIS \u0161t\u011bn\u011b&nbsp;NKO<\/p>\n\n\n\n<figure class=\"wp-block-image\"><img loading=\"lazy\" decoding=\"async\" width=\"300\" height=\"450\" src=\"https:\/\/xorti.cz\/wp-content\/uploads\/2025\/10\/14479661_1330688016943611_5364686924413558245_n.jpg\" alt=\"\" class=\"wp-image-37\" srcset=\"https:\/\/xorti.cz\/wp-content\/uploads\/2025\/10\/14479661_1330688016943611_5364686924413558245_n.jpg 300w, https:\/\/xorti.cz\/wp-content\/uploads\/2025\/10\/14479661_1330688016943611_5364686924413558245_n-200x300.jpg 200w\" sizes=\"auto, (max-width: 300px) 100vw, 300px\" \/><\/figure>\n\n\n\n<p>&nbsp;<strong>Gron ze \u0160t\u00edpek<\/strong>&nbsp;&#8211; V1, VT, veter\u00e1n BIS 4&nbsp;<\/p>\n\n\n\n<figure class=\"wp-block-image\"><img loading=\"lazy\" decoding=\"async\" width=\"450\" height=\"300\" src=\"https:\/\/xorti.cz\/wp-content\/uploads\/2025\/10\/14444683_1330687970276949_1610174339332519292_o.jpg\" alt=\"\" class=\"wp-image-39\" srcset=\"https:\/\/xorti.cz\/wp-content\/uploads\/2025\/10\/14444683_1330687970276949_1610174339332519292_o.jpg 450w, https:\/\/xorti.cz\/wp-content\/uploads\/2025\/10\/14444683_1330687970276949_1610174339332519292_o-300x200.jpg 300w\" sizes=\"auto, (max-width: 450px) 100vw, 450px\" \/><\/figure>\n\n\n\n<p>SB&nbsp;<strong>Aki z Kozimberku<\/strong>&nbsp;&#8211; V1, VT, KV<br>NKO&nbsp;<strong>As vom Pfau Haus<\/strong>&nbsp;&#8211; V2&nbsp;<\/p>\n\n\n\n<figure class=\"wp-block-image\"><img loading=\"lazy\" decoding=\"async\" width=\"450\" height=\"300\" src=\"https:\/\/xorti.cz\/wp-content\/uploads\/2025\/10\/14500219_1330687893610290_8359363105788310159_o.jpg\" alt=\"\" class=\"wp-image-31\" srcset=\"https:\/\/xorti.cz\/wp-content\/uploads\/2025\/10\/14500219_1330687893610290_8359363105788310159_o.jpg 450w, https:\/\/xorti.cz\/wp-content\/uploads\/2025\/10\/14500219_1330687893610290_8359363105788310159_o-300x200.jpg 300w\" sizes=\"auto, (max-width: 450px) 100vw, 450px\" \/><\/figure>\n\n\n\n<p>VOK<strong>&nbsp;Corry Alfa Ori<\/strong>&nbsp;&#8211; V1, VT&nbsp;<\/p>\n\n\n\n<figure class=\"wp-block-image\"><img loading=\"lazy\" decoding=\"async\" width=\"450\" height=\"300\" src=\"https:\/\/xorti.cz\/wp-content\/uploads\/2025\/10\/14524500_1330687936943619_5805580383588649978_o.jpg\" alt=\"\" class=\"wp-image-35\" srcset=\"https:\/\/xorti.cz\/wp-content\/uploads\/2025\/10\/14524500_1330687936943619_5805580383588649978_o.jpg 450w, https:\/\/xorti.cz\/wp-content\/uploads\/2025\/10\/14524500_1330687936943619_5805580383588649978_o-300x200.jpg 300w\" sizes=\"auto, (max-width: 450px) 100vw, 450px\" \/><\/figure>\n\n\n\n<p>Moc d\u011bkujeme panu rozhod\u010d\u00edmu Andrasi Polg\u00e1rovi za p\u011bkn\u00e9 posudky a ocen\u011bn\u00ed pro na\u0161i sme\u010dku.&nbsp;<\/p>\n\n\n\n<p><\/p>\n\n\n\n<p><strong>1. 9. 2016 Asta z B\u00edl\u00e9 Vody &#8211; N\u00c1\u0160 NOV\u00dd \u010cLEN RODINY<\/strong><br>S velkou radost\u00ed V\u00e1m p\u0159edstavujeme nov\u00e9ho \u010dlena na\u0161\u00ed velk\u00e9 ps\u00ed rodiny.&nbsp;<br><strong>Jmenuje se Asta z B\u00edl\u00e9 Vody a je to fenka n\u011bmeck\u00e9ho oha\u0159e dr\u00e1tosrst\u00e9ho.<\/strong>&nbsp;<\/p>\n\n\n\n<figure class=\"wp-block-image\"><img loading=\"lazy\" decoding=\"async\" width=\"296\" height=\"394\" src=\"https:\/\/xorti.cz\/wp-content\/uploads\/2025\/10\/13886886_1285426818136398_5883316174991058402_n.jpg\" alt=\"\" class=\"wp-image-29\" srcset=\"https:\/\/xorti.cz\/wp-content\/uploads\/2025\/10\/13886886_1285426818136398_5883316174991058402_n.jpg 296w, https:\/\/xorti.cz\/wp-content\/uploads\/2025\/10\/13886886_1285426818136398_5883316174991058402_n-225x300.jpg 225w\" sizes=\"auto, (max-width: 296px) 100vw, 296px\" \/><\/figure>\n\n\n\n<p>Ve\u0161ker\u00e9 informace o Ast\u011b najdete v linku N\u011bmeck\u00fd oha\u0159 dr\u00e1tosrst\u00fd &#8211; Asta z B\u00edl\u00e9 Vody.<\/p>\n\n\n\n<p><strong>7. 8. 2016 St\u0159edoevropsk\u00e1 speci\u00e1ln\u00ed v\u00fdstava KCHVO, T\u0159ebo\u0148<\/strong><br>Velkou radost n\u00e1m ud\u011blal n\u00e1\u0161 odchov\u00e1nek&nbsp;Antares God Forests Silesjana Xorti, kter\u00fd p\u0159i sv\u00e9 v\u00fdstavn\u00ed premi\u00e9\u0159e ihned zaz\u00e1\u0159il.&nbsp;<strong>Antares z\u00edskal na St\u0159edoevropsk\u00e9 speci\u00e1ln\u00ed v\u00fdstav\u011b KCHVO v T\u0159eboni v t\u0159\u00edd\u011b \u0161t\u011b\u0148at zn\u00e1mku VN1 a v z\u00e1v\u011bre\u010dn\u00fdch sout\u011b\u017e\u00edch vybojoval titul BIS baby!!<\/strong><\/p>\n\n\n\n<figure class=\"wp-block-image\"><img loading=\"lazy\" decoding=\"async\" width=\"450\" height=\"338\" src=\"https:\/\/xorti.cz\/wp-content\/uploads\/2025\/10\/13933391_1053628984724605_1956064941_n.jpg\" alt=\"\" class=\"wp-image-42\" srcset=\"https:\/\/xorti.cz\/wp-content\/uploads\/2025\/10\/13933391_1053628984724605_1956064941_n.jpg 450w, https:\/\/xorti.cz\/wp-content\/uploads\/2025\/10\/13933391_1053628984724605_1956064941_n-300x225.jpg 300w\" sizes=\"auto, (max-width: 450px) 100vw, 450px\" \/><\/figure>\n\n\n\n<p>D\u011bkujeme moc majitel\u016fm za prezentaci Antareska a moc gratulujeme! Jsme na V\u00e1s py\u0161n\u00ed.&nbsp;<\/p>\n\n\n\n<p><strong>20. 6. 2016 A vrh v nov\u00fdch domovech<\/strong><br>Nastala doba lou\u010den\u00ed a na\u0161e prvn\u00ed \u0161t\u011b\u0148\u00e1tka se rozjela do sv\u00fdch nov\u00fdch domov\u016f. V\u0161em p\u0159ejeme hodn\u011b zdrav\u00ed, neust\u00e1le pln\u00e9 misky, miluj\u00edc\u00ed rodinu a kdy\u017e to bude alespo\u0148 trochu mo\u017en\u00e9 i kupu loveck\u00fdch a v\u00fdstavn\u00edch \u00fasp\u011bch\u016f..<strong>.<\/strong><br><strong>Ka\u017ed\u00e9 \u0161t\u011b\u0148\u00e1tko m\u00e1 spu\u0161t\u011bnu svou vlastn\u00ed prezentaci, kterou najdete v linku Odchovy &#8211; Odchovan\u00e9 vrhy &#8211; A vrh!&nbsp;<\/strong><\/p>\n\n\n\n<p><strong>11. 6. 2016 Grand Prix Slovakia Winner, Nitra<\/strong><br>Po Polsku jsme s Akim vyjeli na Slovensko, kde si&nbsp;<strong>&nbsp;Aki z Kozimberku&nbsp;vyb\u011bhal zn\u00e1mky v\u00fdborn\u00e1 1, CAC, CACIB, BOB a titul Grand Prix Slovakia winner 2016. &nbsp;<\/strong><br>Aki se st\u00e1v\u00e1 \u010dekatelem ji\u017e t\u0159et\u00edho titulu \u0161ampiona &#8211; tentokr\u00e1t\u00e9 slovensk\u00e9ho.&nbsp;<\/p>\n\n\n\n<p><strong>1. 5. 2016 N\u00e1rodn\u00ed v\u00fdstava Rybnik, Polsko<\/strong><br>Poprv\u00e9 jsme vyrazili s Akim do Polska .. a nevedl si v\u016fbec zle!<strong>&nbsp;Aki z Kozimberku&nbsp;si p\u0159i sv\u00e9 premi\u00e9\u0159e v Polsku odnesl&nbsp;CWC, N\u00e1rodn\u00ed v\u00edt\u011bz, BOB a v z\u00e1v\u011bre\u010dn\u00fdch sout\u011b\u017e\u00edch op\u011bt z\u00e1\u0159il a vyb\u011bhal si BIG 4.<\/strong>&nbsp;&nbsp;<\/p>\n\n\n\n<figure class=\"wp-block-image\"><img loading=\"lazy\" decoding=\"async\" width=\"298\" height=\"450\" src=\"https:\/\/xorti.cz\/wp-content\/uploads\/2025\/10\/IMGP4861.jpg\" alt=\"\" class=\"wp-image-30\" srcset=\"https:\/\/xorti.cz\/wp-content\/uploads\/2025\/10\/IMGP4861.jpg 298w, https:\/\/xorti.cz\/wp-content\/uploads\/2025\/10\/IMGP4861-199x300.jpg 199w\" sizes=\"auto, (max-width: 298px) 100vw, 298px\" \/><\/figure>\n\n\n\n<figure class=\"wp-block-image\"><img loading=\"lazy\" decoding=\"async\" width=\"450\" height=\"298\" src=\"https:\/\/xorti.cz\/wp-content\/uploads\/2025\/10\/IMGP4890.jpg\" alt=\"\" class=\"wp-image-36\" srcset=\"https:\/\/xorti.cz\/wp-content\/uploads\/2025\/10\/IMGP4890.jpg 450w, https:\/\/xorti.cz\/wp-content\/uploads\/2025\/10\/IMGP4890-300x199.jpg 300w\" sizes=\"auto, (max-width: 450px) 100vw, 450px\" \/><\/figure>\n\n\n\n<p><strong>20. 4. 2016 Nov\u00e9 fotky A vrhu v 6 t\u00fddnech<\/strong><br>Na\u0161e \u0161t\u011b\u0148\u00e1tka m\u011bla 6 t\u00fddn\u016f a pomalinku se za\u010dneme chystat na jejich odchod do nov\u00fdch domov\u016f.&nbsp;<strong>Aktu\u00e1ln\u011b m\u00e1me volnou 1 fenku&nbsp;<\/strong>! Nov\u00e9 fotky v postoji najdete v linku Odchovy &#8211; Odchovan\u00e9 vrhy &#8211; A vrh.&nbsp;<\/p>\n\n\n\n<figure class=\"wp-block-image\"><img loading=\"lazy\" decoding=\"async\" width=\"450\" height=\"450\" src=\"https:\/\/xorti.cz\/wp-content\/uploads\/2025\/10\/IMG_0566.jpg\" alt=\"\" class=\"wp-image-40\" srcset=\"https:\/\/xorti.cz\/wp-content\/uploads\/2025\/10\/IMG_0566.jpg 450w, https:\/\/xorti.cz\/wp-content\/uploads\/2025\/10\/IMG_0566-300x300.jpg 300w, https:\/\/xorti.cz\/wp-content\/uploads\/2025\/10\/IMG_0566-150x150.jpg 150w\" sizes=\"auto, (max-width: 450px) 100vw, 450px\" \/><\/figure>\n\n\n\n<figure class=\"wp-block-image\"><img loading=\"lazy\" decoding=\"async\" width=\"450\" height=\"450\" src=\"https:\/\/xorti.cz\/wp-content\/uploads\/2025\/10\/IMG_0573.jpg\" alt=\"\" class=\"wp-image-41\" srcset=\"https:\/\/xorti.cz\/wp-content\/uploads\/2025\/10\/IMG_0573.jpg 450w, https:\/\/xorti.cz\/wp-content\/uploads\/2025\/10\/IMG_0573-300x300.jpg 300w, https:\/\/xorti.cz\/wp-content\/uploads\/2025\/10\/IMG_0573-150x150.jpg 150w\" sizes=\"auto, (max-width: 450px) 100vw, 450px\" \/><\/figure>\n\n\n\n<p><strong>9. 4. 2016 N\u00e1rodn\u00ed v\u00fdstava ps\u016f Ostrava<\/strong><\/p>\n\n\n\n<p><strong>AKI Z KOZIMBERKU NOV\u00dd JUNIOR\u0160AMPION \u010cESK\u00c9 REPUBLIKY<\/strong><\/p>\n\n\n\n<p>Dnes jsme pro\u017eili velice \u00fasp\u011b\u0161n\u00fd den na N\u00e1rodn\u00ed v\u00fdstav\u011b ps\u016f v Ostrav\u011b.<strong>&nbsp;Aki z Kozimberku si odnesl v\u00fdsledek CAC, CAC \u010cMKU, N\u00e1rodn\u00ed v\u00edt\u011bz, BOB a v z\u00e1v\u011bre\u010dn\u00fdch sout\u011b\u017e\u00edch je\u0161t\u011b to v\u0161e doplnil o BIG 3.<\/strong>&nbsp; T\u00edmto skv\u011bl\u00fdm v\u00fdsledkem splnil Aki podm\u00ednky pro zisk titulu&nbsp;<strong>JUNIOR\u0160AMPION \u010cESK\u00c9 REPUBLIKY!!<\/strong><\/p>\n\n\n\n<figure class=\"wp-block-image\"><img loading=\"lazy\" decoding=\"async\" width=\"850\" height=\"1280\" src=\"https:\/\/xorti.cz\/wp-content\/uploads\/2025\/10\/DSC7306.jpg\" alt=\"\" class=\"wp-image-44\" srcset=\"https:\/\/xorti.cz\/wp-content\/uploads\/2025\/10\/DSC7306.jpg 850w, https:\/\/xorti.cz\/wp-content\/uploads\/2025\/10\/DSC7306-199x300.jpg 199w, https:\/\/xorti.cz\/wp-content\/uploads\/2025\/10\/DSC7306-680x1024.jpg 680w, https:\/\/xorti.cz\/wp-content\/uploads\/2025\/10\/DSC7306-768x1157.jpg 768w\" sizes=\"auto, (max-width: 850px) 100vw, 850px\" \/><\/figure>\n\n\n\n<figure class=\"wp-block-image\"><img loading=\"lazy\" decoding=\"async\" width=\"450\" height=\"281\" src=\"https:\/\/xorti.cz\/wp-content\/uploads\/2025\/10\/DSC_0877.jpg\" alt=\"\" class=\"wp-image-28\" srcset=\"https:\/\/xorti.cz\/wp-content\/uploads\/2025\/10\/DSC_0877.jpg 450w, https:\/\/xorti.cz\/wp-content\/uploads\/2025\/10\/DSC_0877-300x187.jpg 300w\" sizes=\"auto, (max-width: 450px) 100vw, 450px\" \/><\/figure>\n\n\n\n<p>\u0160imonek n\u00e1m zat\u00edm na v\u00fdstav\u011b jen fandil, ale brzy se snad u\u017e taky zapoj\u00ed! Mimo vystavov\u00e1n\u00ed na\u0161eho Akiho jsem na v\u00fdstav\u011b pom\u00e1hala s p\u0159edveden\u00edm CHS ze Slezsk\u00fdch les\u016f a k um\u00edst\u011bn\u00ed chovatelce moc gratuluji.&nbsp;<\/p>\n\n\n\n<figure class=\"wp-block-image\"><img loading=\"lazy\" decoding=\"async\" width=\"338\" height=\"450\" src=\"https:\/\/xorti.cz\/wp-content\/uploads\/2025\/10\/12992276_1372104909473651_2051055809_n.jpg\" alt=\"\" class=\"wp-image-34\" srcset=\"https:\/\/xorti.cz\/wp-content\/uploads\/2025\/10\/12992276_1372104909473651_2051055809_n.jpg 338w, https:\/\/xorti.cz\/wp-content\/uploads\/2025\/10\/12992276_1372104909473651_2051055809_n-225x300.jpg 225w\" sizes=\"auto, (max-width: 338px) 100vw, 338px\" \/><\/figure>\n\n\n\n<figure class=\"wp-block-image\"><img loading=\"lazy\" decoding=\"async\" width=\"450\" height=\"281\" src=\"https:\/\/xorti.cz\/wp-content\/uploads\/2025\/10\/DSC_0553.jpg\" alt=\"\" class=\"wp-image-32\" srcset=\"https:\/\/xorti.cz\/wp-content\/uploads\/2025\/10\/DSC_0553.jpg 450w, https:\/\/xorti.cz\/wp-content\/uploads\/2025\/10\/DSC_0553-300x187.jpg 300w\" sizes=\"auto, (max-width: 450px) 100vw, 450px\" \/><\/figure>\n\n\n\n<p>D\u011bkujeme v\u0161em kamar\u00e1d\u016fm za p\u0159\u00edjemn\u00fd den a dr\u017een\u00ed p\u011bst\u00ed.&nbsp;<\/p>\n\n\n\n<p><\/p>\n\n\n\n<p><strong>5. 4. 2016 A vrh v\u00fdmarsk\u00fdch oha\u0159\u016f m\u00e1 3 t\u00fddny&nbsp;<\/strong><\/p>\n\n\n\n<p>N\u00e1\u0161 A vrh m\u00e1 3 t\u00fddny a tak jsme se pokusili poprv\u00e9 je nafotit individu\u00e1ln\u011b!&nbsp;<strong>Podrobn\u00e9 informace v\u010detn\u011b individu\u00e1ln\u00edho p\u0159edstaven\u00ed na\u0161eho vrhu najdete v linku Odchovy &#8211; Odchovan\u00e9 vrhy &#8211; A vrh.<\/strong><\/p>\n\n\n\n<figure class=\"wp-block-image\"><img loading=\"lazy\" decoding=\"async\" width=\"540\" height=\"960\" src=\"https:\/\/xorti.cz\/wp-content\/uploads\/2025\/10\/fialovC3A120a.jpg\" alt=\"\" class=\"wp-image-38\" srcset=\"https:\/\/xorti.cz\/wp-content\/uploads\/2025\/10\/fialovC3A120a.jpg 540w, https:\/\/xorti.cz\/wp-content\/uploads\/2025\/10\/fialovC3A120a-169x300.jpg 169w\" sizes=\"auto, (max-width: 540px) 100vw, 540px\" \/><\/figure>\n\n\n\n<figure class=\"wp-block-image\"><img loading=\"lazy\" decoding=\"async\" width=\"540\" height=\"960\" src=\"https:\/\/xorti.cz\/wp-content\/uploads\/2025\/10\/C5A1edC3BD20a.jpg\" alt=\"\" class=\"wp-image-33\" srcset=\"https:\/\/xorti.cz\/wp-content\/uploads\/2025\/10\/C5A1edC3BD20a.jpg 540w, https:\/\/xorti.cz\/wp-content\/uploads\/2025\/10\/C5A1edC3BD20a-169x300.jpg 169w\" sizes=\"auto, (max-width: 540px) 100vw, 540px\" \/><\/figure>\n\n\n\n<p><\/p>\n\n\n\n<p><strong>28. 3. 2016 \u0160t\u011b\u0148\u00e1tka maj\u00ed 14 dn\u016f&nbsp;<\/strong><\/p>\n\n\n\n<p>\u0160t\u011b\u0148\u00e1tka maj\u00ed 14 dn\u016f a u\u017e za\u010d\u00ednaj\u00ed pomalu prozkoum\u00e1vat sv\u011bt. Maminka Corry se vzorn\u011b star\u00e1 a cel\u00fd vrh p\u011bkn\u011b nab\u00edr\u00e1 na v\u00e1ze!&nbsp;<strong>Aktu\u00e1ln\u011b m\u00e1me 3 voln\u00e9 kluky, proto pokud m\u00e1te z\u00e1jem o \u0161t\u011bn\u011b z tohoto spojen\u00ed, nev\u00e1hejte n\u00e1s kontaktovat!&nbsp;<\/strong><\/p>\n\n\n\n<p><\/p>\n\n\n\n<p><strong>12. 3. 2016 Vrh A SILESJANA XORTI JE NA SV\u011aT\u011a<\/strong><\/p>\n\n\n\n<p>Dlouho o\u010dek\u00e1van\u00fd A vrh je na sv\u011bt\u011b!!!&nbsp;<strong>Corry a Marley se stali rodi\u010di 8 zdrav\u00fdch a kr\u00e1sn\u00fdch \u0161t\u011b\u0148\u00e1tek v pom\u011bru 5 kluk\u016f a 3 holky.<\/strong>&nbsp;Bohu\u017eel jsme po porodu o nejmen\u0161\u00ed hol\u010di\u010dku p\u0159i\u0161li. Maminka i ostatn\u00ed \u0161t\u011b\u0148\u00e1tka jsou v po\u0159\u00e1dku a my z nich m\u00e1me obrovskou radost..&nbsp;<\/p>\n\n\n\n<figure class=\"wp-block-image\"><img loading=\"lazy\" decoding=\"async\" width=\"1280\" height=\"720\" src=\"https:\/\/xorti.cz\/wp-content\/uploads\/2025\/10\/12828336_1176185679060513_7989114866747483100_o.jpg\" alt=\"\" class=\"wp-image-43\" srcset=\"https:\/\/xorti.cz\/wp-content\/uploads\/2025\/10\/12828336_1176185679060513_7989114866747483100_o.jpg 1280w, https:\/\/xorti.cz\/wp-content\/uploads\/2025\/10\/12828336_1176185679060513_7989114866747483100_o-300x169.jpg 300w, https:\/\/xorti.cz\/wp-content\/uploads\/2025\/10\/12828336_1176185679060513_7989114866747483100_o-1024x576.jpg 1024w, https:\/\/xorti.cz\/wp-content\/uploads\/2025\/10\/12828336_1176185679060513_7989114866747483100_o-768x432.jpg 768w\" sizes=\"auto, (max-width: 1280px) 100vw, 1280px\" \/><\/figure>\n\n\n\n<p><strong>V p\u0159\u00edpad\u011b Va\u0161eho z\u00e1jmu o \u0161t\u011b\u0148\u00e1tko z tohoto perspektivn\u00edho spojen\u00ed n\u00e1s nev\u00e1hejte kontaktovat!&nbsp;<\/strong>Ve\u0161ker\u00e9 informace k &nbsp;A vrhu najdete v linku Odchovy &#8211; Odchovan\u00e9 vrhy &#8211; A vrh.&nbsp;&nbsp;<\/p>\n\n\n\n<p><\/p>\n\n\n\n<p><strong>14. 2. 2016 &nbsp;SILESJANA XORTI p\u0159edstavuje o\u010dek\u00e1van\u00fd A VRH<\/strong><\/p>\n\n\n\n<p>S obrovskou radost\u00ed V\u00e1m sd\u011blujeme, \u017ee jsme se kone\u010dn\u011b do\u010dkali a v na\u0161\u00ed CHS odchov\u00e1me prvn\u00ed \u0161t\u011b\u0148\u00e1tka!<\/p>\n\n\n\n<p><strong>V polovin\u011b b\u0159ezna 2016 se n\u00e1m narod\u00ed pe\u010dliv\u011b pl\u00e1novan\u00fd vrh v\u00fdmarsk\u00fdch oha\u0159\u016f, jeho\u017e maminka bude na\u0161e Corry a t\u00e1tou se stane kr\u00e1sn\u00fd Marley.&nbsp;<\/strong><\/p>\n\n\n\n<figure class=\"wp-block-image\"><img loading=\"lazy\" decoding=\"async\" width=\"1200\" height=\"675\" src=\"https:\/\/xorti.cz\/wp-content\/uploads\/2025\/10\/inzerat-vymarsky-zmensene.png\" alt=\"\" class=\"wp-image-45\" srcset=\"https:\/\/xorti.cz\/wp-content\/uploads\/2025\/10\/inzerat-vymarsky-zmensene.png 1200w, https:\/\/xorti.cz\/wp-content\/uploads\/2025\/10\/inzerat-vymarsky-zmensene-300x169.png 300w, https:\/\/xorti.cz\/wp-content\/uploads\/2025\/10\/inzerat-vymarsky-zmensene-1024x576.png 1024w, https:\/\/xorti.cz\/wp-content\/uploads\/2025\/10\/inzerat-vymarsky-zmensene-768x432.png 768w\" sizes=\"auto, (max-width: 1200px) 100vw, 1200px\" \/><\/figure>\n\n\n\n<p><strong>V p\u0159\u00edpad\u011b Va\u0161eho z\u00e1jmu o \u0161t\u011b\u0148\u00e1tko z tohoto perspektivn\u00edho spojen\u00ed n\u00e1s nev\u00e1hejte kontaktovat ji\u017e nyn\u00ed..&nbsp;<\/strong>Ve\u0161ker\u00e9 informace k pl\u00e1novan\u00e9mu A vrhu najdete v linku Odchovy &#8211; Pl\u00e1novan\u00e9 vrhy.<\/p>\n\n\n\n<p><\/p>\n","protected":false},"excerpt":{"rendered":"<p>11. 11. 2016 Sbohem Elinko&nbsp;+ Brie ze Slezsk\u00fdch les\u016f11.11.2016 byl posledn\u00ed den, kdy tady na tomto sv\u011bt\u011b s n\u00e1mi byla na\u0161e milovan\u00e1 Elinka (Brie ze Slezsk\u00fdch les\u016f).&nbsp; M\u016fj prvn\u00ed pes, &#8230;<\/p>\n","protected":false},"author":1,"featured_media":0,"parent":0,"menu_order":0,"comment_status":"closed","ping_status":"closed","template":"","meta":{"footnotes":""},"class_list":["post-27","page","type-page","status-publish","hentry"],"_links":{"self":[{"href":"https:\/\/xorti.cz\/index.php?rest_route=\/wp\/v2\/pages\/27","targetHints":{"allow":["GET"]}}],"collection":[{"href":"https:\/\/xorti.cz\/index.php?rest_route=\/wp\/v2\/pages"}],"about":[{"href":"https:\/\/xorti.cz\/index.php?rest_route=\/wp\/v2\/types\/page"}],"author":[{"embeddable":true,"href":"https:\/\/xorti.cz\/index.php?rest_route=\/wp\/v2\/users\/1"}],"replies":[{"embeddable":true,"href":"https:\/\/xorti.cz\/index.php?rest_route=%2Fwp%2Fv2%2Fcomments&post=27"}],"version-history":[{"count":2,"href":"https:\/\/xorti.cz\/index.php?rest_route=\/wp\/v2\/pages\/27\/revisions"}],"predecessor-version":[{"id":470,"href":"https:\/\/xorti.cz\/index.php?rest_route=\/wp\/v2\/pages\/27\/revisions\/470"}],"wp:attachment":[{"href":"https:\/\/xorti.cz\/index.php?rest_route=%2Fwp%2Fv2%2Fmedia&parent=27"}],"curies":[{"name":"wp","href":"https:\/\/api.w.org\/{rel}","templated":true}]}}