{"id":9,"date":"2025-10-30T23:06:12","date_gmt":"2025-10-30T23:06:12","guid":{"rendered":"https:\/\/xorti.cz\/?page_id=9"},"modified":"2025-10-30T23:18:27","modified_gmt":"2025-10-30T23:18:27","slug":"novinky-2021","status":"publish","type":"page","link":"https:\/\/xorti.cz\/?page_id=9","title":{"rendered":"Novinky 2017-2021"},"content":{"rendered":"\n<p><strong>30. 9. 2021 SV\u011aTOV\u00c1 V\u00ddSTAVA PS\u016e BRNO, \u010cR<\/strong><br>Po dlouh\u00e9 dob\u011b se op\u011bt hl\u00e1s\u00edme a p\u0159in\u00e1\u0161\u00edme v\u00fdsledek z nejd\u016fle\u017eit\u011bj\u0161\u00ed v\u00fdstavy roku 2021&#8230;\u00a0<br><strong>Aki z Kozinberku V1 CAC CACIB BOB<\/strong> a nov\u00fd <strong>SV\u011aTOV\u00dd V\u00cdT\u011aZ 2021!!!\u00a0<\/strong><\/p>\n\n\n\n<figure class=\"wp-block-image\"><img loading=\"lazy\" decoding=\"async\" width=\"640\" height=\"960\" src=\"https:\/\/xorti.cz\/wp-content\/uploads\/2025\/10\/56737245_2479207505425618_1204978677192851456_n.jpg\" alt=\"\" class=\"wp-image-10\" srcset=\"https:\/\/xorti.cz\/wp-content\/uploads\/2025\/10\/56737245_2479207505425618_1204978677192851456_n.jpg 640w, https:\/\/xorti.cz\/wp-content\/uploads\/2025\/10\/56737245_2479207505425618_1204978677192851456_n-200x300.jpg 200w\" sizes=\"auto, (max-width: 640px) 100vw, 640px\" \/><\/figure>\n\n\n\n<p><br><strong>6. 4. 2019 N\u00e1rodn\u00ed v\u00fdstava ps\u016f Ostrava<\/strong><br>Po dlouh\u00e9 dob\u011b se op\u011bt hl\u00e1s\u00edme a p\u0159in\u00e1\u0161\u00edme v\u00fdsledky z v\u00fdstavy v Ostrav\u011b.&nbsp;<br><strong>As vom Pfau &#8211; Haus&nbsp;V3<\/strong><br><strong>Aki z Kozinberku V1 CAC N\u00e1rodn\u00ed v\u00edt\u011bz 2019 BOB BIG 4<\/strong><\/p>\n\n\n\n<p><\/p>\n\n\n\n<p><strong>8. 4. 2017 Ode\u0161el &#8220;Pan Pes&#8221;<\/strong><br><strong>Gron ze \u0160t\u00edpek&nbsp;<\/strong><br>Bohu\u017eel jsme se museli rozlou\u010dit s dal\u0161\u00edm \u010dlenem na\u0161\u00ed ps\u00ed rodiny a to op\u011bt kv\u016fli torzi \u017ealudku&#8230;.<br><strong>Gron ze \u0160t\u00edpek &#8220;Amir&#8221; zem\u0159el 8.4.2017. Byl to n\u00e1\u0161 nenahraditeln\u00fd par\u0165\u00e1k do lesa, kter\u00fd m\u011bl neskute\u010dnou trp\u011blivost k d\u011btem a hlavn\u011b to byl &#8220;pan pes&#8221;, kdo ho znal v\u00ed&#8230;.<\/strong><br><em>Amirku bude\u0161 n\u00e1m moc chyb\u011bt a pozdrav mi tam naho\u0159e Elinku s Betynkou. M\u011bli jsme t\u011b moc r\u00e1di a dal\u0161\u00ed takov\u00fd u\u017e nikdy nebude..<\/em><\/p>\n\n\n\n<p><\/p>\n\n\n\n<p><\/p>\n\n\n\n<p><\/p>\n","protected":false},"excerpt":{"rendered":"<p>30. 9. 2021 SV\u011aTOV\u00c1 V\u00ddSTAVA PS\u016e BRNO, \u010cRPo dlouh\u00e9 dob\u011b se op\u011bt hl\u00e1s\u00edme a p\u0159in\u00e1\u0161\u00edme v\u00fdsledek z nejd\u016fle\u017eit\u011bj\u0161\u00ed v\u00fdstavy roku 2021&#8230;\u00a0Aki z Kozinberku V1 CAC CACIB BOB a nov\u00fd SV\u011aTOV\u00dd &#8230;<\/p>\n","protected":false},"author":1,"featured_media":0,"parent":0,"menu_order":0,"comment_status":"closed","ping_status":"closed","template":"","meta":{"footnotes":""},"class_list":["post-9","page","type-page","status-publish","hentry"],"_links":{"self":[{"href":"https:\/\/xorti.cz\/index.php?rest_route=\/wp\/v2\/pages\/9","targetHints":{"allow":["GET"]}}],"collection":[{"href":"https:\/\/xorti.cz\/index.php?rest_route=\/wp\/v2\/pages"}],"about":[{"href":"https:\/\/xorti.cz\/index.php?rest_route=\/wp\/v2\/types\/page"}],"author":[{"embeddable":true,"href":"https:\/\/xorti.cz\/index.php?rest_route=\/wp\/v2\/users\/1"}],"replies":[{"embeddable":true,"href":"https:\/\/xorti.cz\/index.php?rest_route=%2Fwp%2Fv2%2Fcomments&post=9"}],"version-history":[{"count":5,"href":"https:\/\/xorti.cz\/index.php?rest_route=\/wp\/v2\/pages\/9\/revisions"}],"predecessor-version":[{"id":22,"href":"https:\/\/xorti.cz\/index.php?rest_route=\/wp\/v2\/pages\/9\/revisions\/22"}],"wp:attachment":[{"href":"https:\/\/xorti.cz\/index.php?rest_route=%2Fwp%2Fv2%2Fmedia&parent=9"}],"curies":[{"name":"wp","href":"https:\/\/api.w.org\/{rel}","templated":true}]}}