{"id":97,"date":"2025-10-31T00:24:14","date_gmt":"2025-10-31T00:24:14","guid":{"rendered":"https:\/\/xorti.cz\/?page_id=97"},"modified":"2025-10-31T13:05:06","modified_gmt":"2025-10-31T13:05:06","slug":"odchovy","status":"publish","type":"page","link":"https:\/\/xorti.cz\/?page_id=97","title":{"rendered":"Odchovy"},"content":{"rendered":"\n<div class=\"wp-block-columns is-layout-flex wp-container-core-columns-is-layout-9d6595d7 wp-block-columns-is-layout-flex\">\n<div class=\"wp-block-column is-layout-flow wp-block-column-is-layout-flow\" style=\"flex-basis:50%\">\n<p><strong><a href=\"https:\/\/xorti.cz\/?page_id=292\">A vrh Silesjana Xorti<\/a><\/strong><br><strong>v\u00fdmark\u00fd oha\u0159 kr\u00e1tkosrst\u00fd<\/strong><br><strong>narozen:<\/strong>\u00a012. 3. 2016<br><strong>statistika vrhu:\u00a0<\/strong>8\u00a0\u0161t\u011b\u0148at (5 ps\u016f + 3 feny)<\/p>\n<\/div>\n\n\n\n<div class=\"wp-block-column is-layout-flow wp-block-column-is-layout-flow\" style=\"flex-basis:50%\">\n<figure class=\"wp-block-image size-large\"><img loading=\"lazy\" decoding=\"async\" width=\"1024\" height=\"576\" src=\"https:\/\/xorti.cz\/wp-content\/uploads\/2025\/10\/inzerat-vymarsky-zmensene-1024x576.png\" alt=\"\" class=\"wp-image-45\" srcset=\"https:\/\/xorti.cz\/wp-content\/uploads\/2025\/10\/inzerat-vymarsky-zmensene-1024x576.png 1024w, https:\/\/xorti.cz\/wp-content\/uploads\/2025\/10\/inzerat-vymarsky-zmensene-300x169.png 300w, https:\/\/xorti.cz\/wp-content\/uploads\/2025\/10\/inzerat-vymarsky-zmensene-768x432.png 768w, https:\/\/xorti.cz\/wp-content\/uploads\/2025\/10\/inzerat-vymarsky-zmensene.png 1200w\" sizes=\"auto, (max-width: 1024px) 100vw, 1024px\" \/><\/figure>\n<\/div>\n<\/div>\n","protected":false},"excerpt":{"rendered":"<p>A vrh Silesjana Xortiv\u00fdmark\u00fd oha\u0159 kr\u00e1tkosrst\u00fdnarozen:\u00a012. 3. 2016statistika vrhu:\u00a08\u00a0\u0161t\u011b\u0148at (5 ps\u016f + 3 feny)<\/p>\n","protected":false},"author":1,"featured_media":0,"parent":0,"menu_order":0,"comment_status":"closed","ping_status":"closed","template":"","meta":{"footnotes":""},"class_list":["post-97","page","type-page","status-publish","hentry"],"_links":{"self":[{"href":"https:\/\/xorti.cz\/index.php?rest_route=\/wp\/v2\/pages\/97","targetHints":{"allow":["GET"]}}],"collection":[{"href":"https:\/\/xorti.cz\/index.php?rest_route=\/wp\/v2\/pages"}],"about":[{"href":"https:\/\/xorti.cz\/index.php?rest_route=\/wp\/v2\/types\/page"}],"author":[{"embeddable":true,"href":"https:\/\/xorti.cz\/index.php?rest_route=\/wp\/v2\/users\/1"}],"replies":[{"embeddable":true,"href":"https:\/\/xorti.cz\/index.php?rest_route=%2Fwp%2Fv2%2Fcomments&post=97"}],"version-history":[{"count":4,"href":"https:\/\/xorti.cz\/index.php?rest_route=\/wp\/v2\/pages\/97\/revisions"}],"predecessor-version":[{"id":324,"href":"https:\/\/xorti.cz\/index.php?rest_route=\/wp\/v2\/pages\/97\/revisions\/324"}],"wp:attachment":[{"href":"https:\/\/xorti.cz\/index.php?rest_route=%2Fwp%2Fv2%2Fmedia&parent=97"}],"curies":[{"name":"wp","href":"https:\/\/api.w.org\/{rel}","templated":true}]}}