{"id":99,"date":"2025-10-31T00:24:37","date_gmt":"2025-10-31T00:24:37","guid":{"rendered":"https:\/\/xorti.cz\/?page_id=99"},"modified":"2025-10-31T16:24:32","modified_gmt":"2025-10-31T16:24:32","slug":"vzpominame","status":"publish","type":"page","link":"https:\/\/xorti.cz\/?page_id=99","title":{"rendered":"Vzpom\u00edn\u00e1me"},"content":{"rendered":"\n<ul class=\"wp-block-list\">\n<li><a href=\"https:\/\/xorti.cz\/?page_id=325\">Bety od \u0160anova<\/a> (\u0160t\u00fdrsk\u00fd brak\u00fd\u0159)<\/li>\n\n\n\n<li><a href=\"https:\/\/xorti.cz\/?page_id=255\">Brie ze Slezsk\u00fdch les\u016f<\/a> (V\u00fdmarsk\u00fd oha\u0159)<\/li>\n\n\n\n<li><a href=\"https:\/\/xorti.cz\/?page_id=263\">Gron ze \u0160t\u00edpek<\/a> (N\u011bmeck\u00fd oha\u0159, kr\u00e1tkosrst\u00fd)<\/li>\n\n\n\n<li><a href=\"https:\/\/xorti.cz\/?page_id=172\">As Vom Pfau-haus<\/a> (N\u011bmeck\u00fd oha\u0159, kr\u00e1tkosrst\u00fd)<\/li>\n\n\n\n<li><a href=\"https:\/\/xorti.cz\/?page_id=209\">Asta z B\u00edl\u00e9 Vody<\/a> (N\u011bmeck\u00fd oha\u0159, dr\u00e1tosrst\u00fd)<\/li>\n\n\n\n<li><a href=\"https:\/\/xorti.cz\/?page_id=147\">Reedly Road Gloria Patri<\/a> (Faraonsk\u00fd pes)<\/li>\n<\/ul>\n\n\n\n<p><\/p>\n","protected":false},"excerpt":{"rendered":"","protected":false},"author":1,"featured_media":0,"parent":0,"menu_order":0,"comment_status":"closed","ping_status":"closed","template":"","meta":{"footnotes":""},"class_list":["post-99","page","type-page","status-publish","hentry"],"_links":{"self":[{"href":"https:\/\/xorti.cz\/index.php?rest_route=\/wp\/v2\/pages\/99","targetHints":{"allow":["GET"]}}],"collection":[{"href":"https:\/\/xorti.cz\/index.php?rest_route=\/wp\/v2\/pages"}],"about":[{"href":"https:\/\/xorti.cz\/index.php?rest_route=\/wp\/v2\/types\/page"}],"author":[{"embeddable":true,"href":"https:\/\/xorti.cz\/index.php?rest_route=\/wp\/v2\/users\/1"}],"replies":[{"embeddable":true,"href":"https:\/\/xorti.cz\/index.php?rest_route=%2Fwp%2Fv2%2Fcomments&post=99"}],"version-history":[{"count":16,"href":"https:\/\/xorti.cz\/index.php?rest_route=\/wp\/v2\/pages\/99\/revisions"}],"predecessor-version":[{"id":434,"href":"https:\/\/xorti.cz\/index.php?rest_route=\/wp\/v2\/pages\/99\/revisions\/434"}],"wp:attachment":[{"href":"https:\/\/xorti.cz\/index.php?rest_route=%2Fwp%2Fv2%2Fmedia&parent=99"}],"curies":[{"name":"wp","href":"https:\/\/api.w.org\/{rel}","templated":true}]}}